{"id":11025,"date":"2024-09-18T15:34:29","date_gmt":"2024-09-18T13:34:29","guid":{"rendered":"https:\/\/pianetaterrafestival.it\/2024\/?page_id=11025"},"modified":"2024-09-24T18:05:06","modified_gmt":"2024-09-24T16:05:06","slug":"workshop-24","status":"publish","type":"page","link":"https:\/\/www.pianetaterrafestival.it\/2024\/workshop-24\/","title":{"rendered":"Workshop 24"},"content":{"rendered":"\t\t<div data-elementor-type=\"wp-page\" data-elementor-id=\"11025\" class=\"elementor elementor-11025\">\n\t\t\t\t\t\t<section class=\"elementor-section elementor-top-section elementor-element elementor-element-461b4c6 elementor-section-boxed elementor-section-height-default elementor-section-height-default\" data-id=\"461b4c6\" data-element_type=\"section\" data-e-type=\"section\">\n\t\t\t\t\t\t<div class=\"elementor-container elementor-column-gap-default\">\n\t\t\t\t\t<div class=\"elementor-column elementor-col-100 elementor-top-column elementor-element elementor-element-d7c4faa\" data-id=\"d7c4faa\" data-element_type=\"column\" data-e-type=\"column\">\n\t\t\t<div class=\"elementor-widget-wrap elementor-element-populated\">\n\t\t\t\t\t\t<div class=\"elementor-element elementor-element-18161c3 animated-slow elementor-invisible elementor-widget elementor-widget-text-editor\" data-id=\"18161c3\" data-element_type=\"widget\" data-e-type=\"widget\" data-settings=\"{&quot;_animation&quot;:&quot;fadeIn&quot;}\" data-widget_type=\"text-editor.default\">\n\t\t\t\t<div class=\"elementor-widget-container\">\n\t\t\t\t\t\t\t\t\t<h1>Natura Urbana Workshop<\/h1>\t\t\t\t\t\t\t\t<\/div>\n\t\t\t\t<\/div>\n\t\t\t\t<div class=\"elementor-element elementor-element-ea9621e animated-slow elementor-widget-divider--view-line elementor-invisible elementor-widget elementor-widget-divider\" data-id=\"ea9621e\" data-element_type=\"widget\" data-e-type=\"widget\" data-settings=\"{&quot;_animation&quot;:&quot;slideInLeft&quot;}\" data-widget_type=\"divider.default\">\n\t\t\t\t<div class=\"elementor-widget-container\">\n\t\t\t\t\t\t\t<div class=\"elementor-divider\">\n\t\t\t<span class=\"elementor-divider-separator\">\n\t\t\t\t\t\t<\/span>\n\t\t<\/div>\n\t\t\t\t\t\t<\/div>\n\t\t\t\t<\/div>\n\t\t\t\t<div class=\"elementor-element elementor-element-c21a4df animated-slow elementor-invisible elementor-widget elementor-widget-text-editor\" data-id=\"c21a4df\" data-element_type=\"widget\" data-e-type=\"widget\" data-settings=\"{&quot;_animation&quot;:&quot;fadeIn&quot;}\" data-widget_type=\"text-editor.default\">\n\t\t\t\t<div class=\"elementor-widget-container\">\n\t\t\t\t\t\t\t\t\t<h2>CAMBIAMENTO CLIMATICO E DESIGN URBANO<\/h2><h5>a cura dell\u2019Universit\u00e0 di Camerino &#8211; Scuola di Architettura e Design<\/h5><p>Con il progredire della crisi ambientale, le citt\u00e0 hanno la necessit\u00e0 sempre pi\u00f9 urgente di progettare interventi di \u201cnatura urbana\u201d che sappiano conciliare le esigenze delle popolazioni residenti con l\u2019introduzione di dispositivi naturali volti ad affrontare gli effetti climatici del riscaldamento globale. In questo workshop gli iscritti raccoglieranno dati ambientali su Lucca attraverso speciali rilevatori; in seguito, si dedicheranno a ideare interventi volti a innestare \u201cnatura urbana\u201d all\u2019interno della citt\u00e0, con il fine di migliorare la qualit\u00e0 della vita degli abitanti, la qualit\u00e0 dell\u2019aria, l\u2019ombreggiatura, mitigare il clima cittadino, incrementare la biodiversit\u00e0.<\/p><p><strong>Docenti<\/strong><\/p><p>Timothy Brownlee \u2013 Universit\u00e0 di Camerino, Scuola di Architettura e Design<br \/>Gherardo Chirici \u2013 Universit\u00e0 degli Studi di Firenze, Diparti- mento di Scienze e Tecnologie Agrarie, Alimentari, Ambientali e Forestali<br \/>Roberta Cocci Grifoni \u2013 Universit\u00e0 di Camerino, Scuola di Architettura e Design<br \/>Graziano Marchesani \u2013 Universit\u00e0 di Camerino, Scuola di Architettura e Design<br \/>Federica Ottone \u2013 Universit\u00e0 di Camerino, Scuola di Architettura e Design<br \/>Dajla Riera \u2013 Universit\u00e0 di Camerino, Scuola di Architettura e Design<\/p><p><strong>PROGRAMMA<\/strong><\/p><p><span style=\"text-decoration: underline;\">Venerd\u00ec 4 ottobre<\/span><\/p><p>\u2022 ore 10.00-12.30: passeggiata e ricognizione ambientale della citt\u00e0 (<span style=\"text-decoration: underline;\">aperta alla cittadinanza<\/span>)<br \/>I partecipanti saranno invitati a unirsi a una passeggiata lungo un percorso guidato, durante il quale saranno utilizzati sensori ambientali per il monitoraggio urbano. Questo evento offre a cittadini e studenti l\u2019opportunit\u00e0 di esplorare e comprendere meglio il contesto ambientale di Lucca attraverso un\u2019analisi diretta e partecipativa. Prima di partire, ci incontreremo presso la Cappella Guinigi, all\u2019interno del complesso di San Francesco, alle ore 10.<\/p><p>\u2022 ore 15.00-18.00: costruzione di una mappa climatica urbana (<span style=\"text-decoration: underline;\">solo per studenti<\/span>)<br \/>Gli studenti si dedicheranno alla costruzione di una mappa climatica urbana. Questa attivit\u00e0 prevede la restituzione grafica dei risultati ottenuti durante il monitoraggio, permette di visualizzare i dati raccolti e di iniziare a elaborare le prime riflessioni.<\/p><p><span style=\"text-decoration: underline;\">Sabato 5 ottobre<\/span><\/p><p>\u2022 ore 9.00-11.00: brainstorming studenti-docenti (<span style=\"text-decoration: underline;\">solo per studenti<\/span>)<br \/>La giornata vedr\u00e0 uno scambio di idee tra studenti e docenti con l\u2019obiettivo di definire possibili scenari progettuali per la creazione di oasi urbane. Questa fase di confronto creativo sar\u00e0 cruciale per generare idee innovative e sostenibili.<\/p><p>\u2022 ore 11.30-20.00: definizione dei progetti (<span style=\"text-decoration: underline;\">solo per studenti<\/span>)<br \/>In questo contesto gli studenti affineranno le proposte in preparazione della presentazione finale.<\/p><p><span style=\"text-decoration: underline;\">Domenica 6 ottobre<\/span><\/p><p>\u2022 ore 12.00: presentazione dei progetti (<span style=\"text-decoration: underline;\">aperta al pubblico<\/span>)<br \/>Presentazione dei progetti elaborati a cura dei docenti. Durante la presentazione sar\u00e0 restituito il processo attraverso il quale si \u00e8 giunti alle scelte progettuali attraverso video, immagini e interviste ai partecipanti.<\/p><p><strong>Come partecipare?<\/strong><\/p><p><strong>Due momenti del workshop sono aperti alla partecipazione dei cittadini<\/strong>: la passeggiata iniziale, con rilevamento di dati ambientali a Lucca (venerd\u00ec 4 ottobre, ore 10.00, Cappella Guinigi), e la presentazione delle proposte (domenica 6 ottobre, ore 12.00, Sala convegni Confindustria Toscana Nord).<\/p><p><strong>La restante attivit\u00e0 didattica \u00e8 riservata agli studenti iscritti al <\/strong><strong>workshop. <\/strong>Il workshop ha un numero di posti limitato, \u00e8 riservato agli studenti universitari e richiede l\u2019iscrizione <a href=\"https:\/\/www.eventbrite.com\/e\/natura-urbana-workshop-tickets-1024728559707?aff=oddtdtcreator\"><strong>QUI<\/strong><\/a>.<\/p><p style=\"font-style: normal; font-variant-ligatures: normal; font-variant-caps: normal; font-weight: 400; font-size: 20px; text-indent: 0px;\">\u00a0<\/p>\t\t\t\t\t\t\t\t<\/div>\n\t\t\t\t<\/div>\n\t\t\t\t\t<\/div>\n\t\t<\/div>\n\t\t\t\t\t<\/div>\n\t\t<\/section>\n\t\t\t\t<\/div>\n\t\t","protected":false},"excerpt":{"rendered":"<p>Natura Urbana Workshop CAMBIAMENTO CLIMATICO E DESIGN URBANO a cura dell\u2019Universit\u00e0 di Camerino &#8211; Scuola di Architettura e Design Con il progredire della crisi ambientale, &hellip;<\/p>\n","protected":false},"author":4,"featured_media":0,"parent":0,"menu_order":0,"comment_status":"closed","ping_status":"closed","template":"","meta":{"_acf_changed":false,"footnotes":""},"class_list":["post-11025","page","type-page","status-publish","hentry"],"acf":[],"yoast_head":"<!-- This site is optimized with the Yoast SEO plugin v27.0 - https:\/\/yoast.com\/product\/yoast-seo-wordpress\/ -->\n<title>Workshop 24 - Pianeta terra festival 2024<\/title>\n<meta name=\"description\" content=\"Workshop in collaborazione con l&#039;Universit\u00e0 di Pisa con Marta Bonetti, Matteo Caldera, Marco Raugi e Matteo Villa\" \/>\n<meta name=\"robots\" content=\"index, follow, max-snippet:-1, max-image-preview:large, max-video-preview:-1\" \/>\n<link rel=\"canonical\" href=\"https:\/\/www.pianetaterrafestival.it\/2024\/workshop-24\/\" \/>\n<meta property=\"og:locale\" content=\"it_IT\" \/>\n<meta property=\"og:type\" content=\"article\" \/>\n<meta property=\"og:title\" content=\"Workshop 24 - Pianeta terra festival 2024\" \/>\n<meta property=\"og:description\" content=\"Workshop in collaborazione con l&#039;Universit\u00e0 di Pisa con Marta Bonetti, Matteo Caldera, Marco Raugi e Matteo Villa\" \/>\n<meta property=\"og:url\" content=\"https:\/\/www.pianetaterrafestival.it\/2024\/workshop-24\/\" \/>\n<meta property=\"og:site_name\" content=\"Pianeta terra festival 2024\" \/>\n<meta property=\"article:modified_time\" content=\"2024-09-24T16:05:06+00:00\" \/>\n<meta name=\"twitter:card\" content=\"summary_large_image\" \/>\n<meta name=\"twitter:label1\" content=\"Tempo di lettura stimato\" \/>\n\t<meta name=\"twitter:data1\" content=\"3 minuti\" \/>\n<script type=\"application\/ld+json\" class=\"yoast-schema-graph\">{\"@context\":\"https:\/\/schema.org\",\"@graph\":[{\"@type\":\"WebPage\",\"@id\":\"https:\/\/www.pianetaterrafestival.it\/2024\/workshop-24\/\",\"url\":\"https:\/\/www.pianetaterrafestival.it\/2024\/workshop-24\/\",\"name\":\"Workshop 24 - Pianeta terra festival 2024\",\"isPartOf\":{\"@id\":\"https:\/\/www.pianetaterrafestival.it\/2024\/#website\"},\"datePublished\":\"2024-09-18T13:34:29+00:00\",\"dateModified\":\"2024-09-24T16:05:06+00:00\",\"description\":\"Workshop in collaborazione con l'Universit\u00e0 di Pisa con Marta Bonetti, Matteo Caldera, Marco Raugi e Matteo Villa\",\"breadcrumb\":{\"@id\":\"https:\/\/www.pianetaterrafestival.it\/2024\/workshop-24\/#breadcrumb\"},\"inLanguage\":\"it-IT\",\"potentialAction\":[{\"@type\":\"ReadAction\",\"target\":[\"https:\/\/www.pianetaterrafestival.it\/2024\/workshop-24\/\"]}]},{\"@type\":\"BreadcrumbList\",\"@id\":\"https:\/\/www.pianetaterrafestival.it\/2024\/workshop-24\/#breadcrumb\",\"itemListElement\":[{\"@type\":\"ListItem\",\"position\":1,\"name\":\"Home\",\"item\":\"https:\/\/www.pianetaterrafestival.it\/2024\/\"},{\"@type\":\"ListItem\",\"position\":2,\"name\":\"Workshop 24\"}]},{\"@type\":\"WebSite\",\"@id\":\"https:\/\/www.pianetaterrafestival.it\/2024\/#website\",\"url\":\"https:\/\/www.pianetaterrafestival.it\/2024\/\",\"name\":\"Pianeta terra festival 2024\",\"description\":\"\",\"publisher\":{\"@id\":\"https:\/\/www.pianetaterrafestival.it\/2024\/#organization\"},\"potentialAction\":[{\"@type\":\"SearchAction\",\"target\":{\"@type\":\"EntryPoint\",\"urlTemplate\":\"https:\/\/www.pianetaterrafestival.it\/2024\/?s={search_term_string}\"},\"query-input\":{\"@type\":\"PropertyValueSpecification\",\"valueRequired\":true,\"valueName\":\"search_term_string\"}}],\"inLanguage\":\"it-IT\"},{\"@type\":\"Organization\",\"@id\":\"https:\/\/www.pianetaterrafestival.it\/2024\/#organization\",\"name\":\"Pianeta terra festival 2024\",\"url\":\"https:\/\/www.pianetaterrafestival.it\/2024\/\",\"logo\":{\"@type\":\"ImageObject\",\"inLanguage\":\"it-IT\",\"@id\":\"https:\/\/www.pianetaterrafestival.it\/2024\/#\/schema\/logo\/image\/\",\"url\":\"https:\/\/www.pianetaterrafestival.it\/2024\/wp-content\/uploads\/sites\/4\/2022\/07\/cropped-cropped-logo.png\",\"contentUrl\":\"https:\/\/www.pianetaterrafestival.it\/2024\/wp-content\/uploads\/sites\/4\/2022\/07\/cropped-cropped-logo.png\",\"width\":1907,\"height\":1867,\"caption\":\"Pianeta terra festival 2024\"},\"image\":{\"@id\":\"https:\/\/www.pianetaterrafestival.it\/2024\/#\/schema\/logo\/image\/\"}}]}<\/script>\n<!-- \/ Yoast SEO plugin. -->","yoast_head_json":{"title":"Workshop 24 - Pianeta terra festival 2024","description":"Workshop in collaborazione con l'Universit\u00e0 di Pisa con Marta Bonetti, Matteo Caldera, Marco Raugi e Matteo Villa","robots":{"index":"index","follow":"follow","max-snippet":"max-snippet:-1","max-image-preview":"max-image-preview:large","max-video-preview":"max-video-preview:-1"},"canonical":"https:\/\/www.pianetaterrafestival.it\/2024\/workshop-24\/","og_locale":"it_IT","og_type":"article","og_title":"Workshop 24 - Pianeta terra festival 2024","og_description":"Workshop in collaborazione con l'Universit\u00e0 di Pisa con Marta Bonetti, Matteo Caldera, Marco Raugi e Matteo Villa","og_url":"https:\/\/www.pianetaterrafestival.it\/2024\/workshop-24\/","og_site_name":"Pianeta terra festival 2024","article_modified_time":"2024-09-24T16:05:06+00:00","twitter_card":"summary_large_image","twitter_misc":{"Tempo di lettura stimato":"3 minuti"},"schema":{"@context":"https:\/\/schema.org","@graph":[{"@type":"WebPage","@id":"https:\/\/www.pianetaterrafestival.it\/2024\/workshop-24\/","url":"https:\/\/www.pianetaterrafestival.it\/2024\/workshop-24\/","name":"Workshop 24 - Pianeta terra festival 2024","isPartOf":{"@id":"https:\/\/www.pianetaterrafestival.it\/2024\/#website"},"datePublished":"2024-09-18T13:34:29+00:00","dateModified":"2024-09-24T16:05:06+00:00","description":"Workshop in collaborazione con l'Universit\u00e0 di Pisa con Marta Bonetti, Matteo Caldera, Marco Raugi e Matteo Villa","breadcrumb":{"@id":"https:\/\/www.pianetaterrafestival.it\/2024\/workshop-24\/#breadcrumb"},"inLanguage":"it-IT","potentialAction":[{"@type":"ReadAction","target":["https:\/\/www.pianetaterrafestival.it\/2024\/workshop-24\/"]}]},{"@type":"BreadcrumbList","@id":"https:\/\/www.pianetaterrafestival.it\/2024\/workshop-24\/#breadcrumb","itemListElement":[{"@type":"ListItem","position":1,"name":"Home","item":"https:\/\/www.pianetaterrafestival.it\/2024\/"},{"@type":"ListItem","position":2,"name":"Workshop 24"}]},{"@type":"WebSite","@id":"https:\/\/www.pianetaterrafestival.it\/2024\/#website","url":"https:\/\/www.pianetaterrafestival.it\/2024\/","name":"Pianeta terra festival 2024","description":"","publisher":{"@id":"https:\/\/www.pianetaterrafestival.it\/2024\/#organization"},"potentialAction":[{"@type":"SearchAction","target":{"@type":"EntryPoint","urlTemplate":"https:\/\/www.pianetaterrafestival.it\/2024\/?s={search_term_string}"},"query-input":{"@type":"PropertyValueSpecification","valueRequired":true,"valueName":"search_term_string"}}],"inLanguage":"it-IT"},{"@type":"Organization","@id":"https:\/\/www.pianetaterrafestival.it\/2024\/#organization","name":"Pianeta terra festival 2024","url":"https:\/\/www.pianetaterrafestival.it\/2024\/","logo":{"@type":"ImageObject","inLanguage":"it-IT","@id":"https:\/\/www.pianetaterrafestival.it\/2024\/#\/schema\/logo\/image\/","url":"https:\/\/www.pianetaterrafestival.it\/2024\/wp-content\/uploads\/sites\/4\/2022\/07\/cropped-cropped-logo.png","contentUrl":"https:\/\/www.pianetaterrafestival.it\/2024\/wp-content\/uploads\/sites\/4\/2022\/07\/cropped-cropped-logo.png","width":1907,"height":1867,"caption":"Pianeta terra festival 2024"},"image":{"@id":"https:\/\/www.pianetaterrafestival.it\/2024\/#\/schema\/logo\/image\/"}}]}},"_links":{"self":[{"href":"https:\/\/www.pianetaterrafestival.it\/2024\/wp-json\/wp\/v2\/pages\/11025","targetHints":{"allow":["GET"]}}],"collection":[{"href":"https:\/\/www.pianetaterrafestival.it\/2024\/wp-json\/wp\/v2\/pages"}],"about":[{"href":"https:\/\/www.pianetaterrafestival.it\/2024\/wp-json\/wp\/v2\/types\/page"}],"author":[{"embeddable":true,"href":"https:\/\/www.pianetaterrafestival.it\/2024\/wp-json\/wp\/v2\/users\/4"}],"replies":[{"embeddable":true,"href":"https:\/\/www.pianetaterrafestival.it\/2024\/wp-json\/wp\/v2\/comments?post=11025"}],"version-history":[{"count":14,"href":"https:\/\/www.pianetaterrafestival.it\/2024\/wp-json\/wp\/v2\/pages\/11025\/revisions"}],"predecessor-version":[{"id":11125,"href":"https:\/\/www.pianetaterrafestival.it\/2024\/wp-json\/wp\/v2\/pages\/11025\/revisions\/11125"}],"wp:attachment":[{"href":"https:\/\/www.pianetaterrafestival.it\/2024\/wp-json\/wp\/v2\/media?parent=11025"}],"curies":[{"name":"wp","href":"https:\/\/api.w.org\/{rel}","templated":true}]}}