{"id":6621,"date":"2023-08-30T17:26:27","date_gmt":"2023-08-30T15:26:27","guid":{"rendered":"https:\/\/www.pianetaterrafestival.it\/?page_id=6621"},"modified":"2023-08-30T17:30:10","modified_gmt":"2023-08-30T15:30:10","slug":"workshop-lucca","status":"publish","type":"page","link":"https:\/\/www.pianetaterrafestival.it\/2023\/workshop-lucca\/","title":{"rendered":"Workshop"},"content":{"rendered":"\t\t<div data-elementor-type=\"wp-page\" data-elementor-id=\"6621\" class=\"elementor elementor-6621\">\n\t\t\t\t\t\t<section class=\"elementor-section elementor-top-section elementor-element elementor-element-461b4c6 elementor-section-boxed elementor-section-height-default elementor-section-height-default\" data-id=\"461b4c6\" data-element_type=\"section\" data-e-type=\"section\">\n\t\t\t\t\t\t<div class=\"elementor-container elementor-column-gap-default\">\n\t\t\t\t\t<div class=\"elementor-column elementor-col-100 elementor-top-column elementor-element elementor-element-d7c4faa\" data-id=\"d7c4faa\" data-element_type=\"column\" data-e-type=\"column\">\n\t\t\t<div class=\"elementor-widget-wrap elementor-element-populated\">\n\t\t\t\t\t\t<div class=\"elementor-element elementor-element-18161c3 animated-slow elementor-invisible elementor-widget elementor-widget-text-editor\" data-id=\"18161c3\" data-element_type=\"widget\" data-e-type=\"widget\" data-settings=\"{&quot;_animation&quot;:&quot;fadeIn&quot;}\" data-widget_type=\"text-editor.default\">\n\t\t\t\t<div class=\"elementor-widget-container\">\n\t\t\t\t\t\t\t\t\t<h1>Pianeta Terra Festival | Workshop<\/h1>\t\t\t\t\t\t\t\t<\/div>\n\t\t\t\t<\/div>\n\t\t\t\t<div class=\"elementor-element elementor-element-ea9621e animated-slow elementor-widget-divider--view-line elementor-invisible elementor-widget elementor-widget-divider\" data-id=\"ea9621e\" data-element_type=\"widget\" data-e-type=\"widget\" data-settings=\"{&quot;_animation&quot;:&quot;slideInLeft&quot;}\" data-widget_type=\"divider.default\">\n\t\t\t\t<div class=\"elementor-widget-container\">\n\t\t\t\t\t\t\t<div class=\"elementor-divider\">\n\t\t\t<span class=\"elementor-divider-separator\">\n\t\t\t\t\t\t<\/span>\n\t\t<\/div>\n\t\t\t\t\t\t<\/div>\n\t\t\t\t<\/div>\n\t\t\t\t<div class=\"elementor-element elementor-element-c21a4df animated-slow elementor-invisible elementor-widget elementor-widget-text-editor\" data-id=\"c21a4df\" data-element_type=\"widget\" data-e-type=\"widget\" data-settings=\"{&quot;_animation&quot;:&quot;fadeIn&quot;}\" data-widget_type=\"text-editor.default\">\n\t\t\t\t<div class=\"elementor-widget-container\">\n\t\t\t\t\t\t\t\t\t<h5><strong>sabato 7 ottobre 2023 | ore 11.00-13.30\u00a0<\/strong><\/h5><h5><strong>Complesso di San Micheletto | Sala Vincenzo da Massa Carrara | Lucca\u00a0<\/strong><\/h5><h4 class=\"event-title css-0\">Marta Bonetti, Matteo Caldera, Marco Raugi e Matteo Villa<\/h4><h2 class=\"event-title css-0\">Come costruire una comunit\u00e0 energetica<\/h2><p><strong>Workshop in collaborazione con l&#8217;Universit\u00e0 di Pisa<\/strong><\/p><p>In tutta Europa e anche in Italia sempre pi\u00f9 persone e piccole comunit\u00e0 si stanno organizzando per rendersi autonome dal punto di vista energetico. Questo workshop curato da Marco Raugi, titolare dell&#8217;unica Cattedra UNESCO su Comunit\u00e0 Energetiche al mondo, fornir\u00e0 gli strumenti di base per progettare la propria comunit\u00e0 energetica. Esperti dell\u2019universit\u00e0 di Pisa e dell&#8217;ENEA, anche attraverso esempi ed esperienze laboratoriali, delineeranno gli obiettivi, illustreranno gli adempimenti amministrativi richiesti per avviare e gestire la comunit\u00e0 e forniranno le basi per produrre il Piano Economico.<\/p><p><strong>Ingresso gratuito, posti limitati.<\/strong> <strong><a href=\"https:\/\/www.eventbrite.com\/e\/biglietti-workshop-come-costruire-una-comunita-energetica-691528048007?aff=oddtdtcreator\">ISCRIZIONI QUI.<\/a><\/strong><\/p><p style=\"font-style: normal; font-variant-ligatures: normal; font-variant-caps: normal; font-weight: 400; font-size: 20px; text-indent: 0px;\">\u00a0<\/p>\t\t\t\t\t\t\t\t<\/div>\n\t\t\t\t<\/div>\n\t\t\t\t\t<\/div>\n\t\t<\/div>\n\t\t\t\t\t<\/div>\n\t\t<\/section>\n\t\t\t\t<\/div>\n\t\t","protected":false},"excerpt":{"rendered":"<p>Pianeta Terra Festival | Workshop sabato 7 ottobre 2023 | ore 11.00-13.30\u00a0 Complesso di San Micheletto | Sala Vincenzo da Massa Carrara | Lucca\u00a0 Marta &hellip;<\/p>\n","protected":false},"author":4,"featured_media":0,"parent":0,"menu_order":0,"comment_status":"closed","ping_status":"closed","template":"","meta":{"_acf_changed":false,"footnotes":""},"class_list":["post-6621","page","type-page","status-publish","hentry"],"acf":[],"yoast_head":"<!-- This site is optimized with the Yoast SEO plugin v27.0 - https:\/\/yoast.com\/product\/yoast-seo-wordpress\/ -->\n<title>Workshop - Pianeta Terra Festival 2023<\/title>\n<meta name=\"description\" content=\"Workshop in collaborazione con l&#039;Universit\u00e0 di Pisa con Marta Bonetti, Matteo Caldera, Marco Raugi e Matteo Villa\" \/>\n<meta name=\"robots\" content=\"index, follow, max-snippet:-1, max-image-preview:large, max-video-preview:-1\" \/>\n<link rel=\"canonical\" href=\"https:\/\/www.pianetaterrafestival.it\/2023\/workshop-lucca\/\" \/>\n<meta property=\"og:locale\" content=\"it_IT\" \/>\n<meta property=\"og:type\" content=\"article\" \/>\n<meta property=\"og:title\" content=\"Workshop - Pianeta Terra Festival 2023\" \/>\n<meta property=\"og:description\" content=\"Workshop in collaborazione con l&#039;Universit\u00e0 di Pisa con Marta Bonetti, Matteo Caldera, Marco Raugi e Matteo Villa\" \/>\n<meta property=\"og:url\" content=\"https:\/\/www.pianetaterrafestival.it\/2023\/workshop-lucca\/\" \/>\n<meta property=\"og:site_name\" content=\"Pianeta Terra Festival 2023\" \/>\n<meta property=\"article:modified_time\" content=\"2023-08-30T15:30:10+00:00\" \/>\n<meta name=\"twitter:card\" content=\"summary_large_image\" \/>\n<meta name=\"twitter:label1\" content=\"Tempo di lettura stimato\" \/>\n\t<meta name=\"twitter:data1\" content=\"1 minuto\" \/>\n<script type=\"application\/ld+json\" class=\"yoast-schema-graph\">{\"@context\":\"https:\/\/schema.org\",\"@graph\":[{\"@type\":\"WebPage\",\"@id\":\"https:\/\/www.pianetaterrafestival.it\/2023\/workshop-lucca\/\",\"url\":\"https:\/\/www.pianetaterrafestival.it\/2023\/workshop-lucca\/\",\"name\":\"Workshop - Pianeta Terra Festival 2023\",\"isPartOf\":{\"@id\":\"https:\/\/www.pianetaterrafestival.it\/2023\/#website\"},\"datePublished\":\"2023-08-30T15:26:27+00:00\",\"dateModified\":\"2023-08-30T15:30:10+00:00\",\"description\":\"Workshop in collaborazione con l'Universit\u00e0 di Pisa con Marta Bonetti, Matteo Caldera, Marco Raugi e Matteo Villa\",\"breadcrumb\":{\"@id\":\"https:\/\/www.pianetaterrafestival.it\/2023\/workshop-lucca\/#breadcrumb\"},\"inLanguage\":\"it-IT\",\"potentialAction\":[{\"@type\":\"ReadAction\",\"target\":[\"https:\/\/www.pianetaterrafestival.it\/2023\/workshop-lucca\/\"]}]},{\"@type\":\"BreadcrumbList\",\"@id\":\"https:\/\/www.pianetaterrafestival.it\/2023\/workshop-lucca\/#breadcrumb\",\"itemListElement\":[{\"@type\":\"ListItem\",\"position\":1,\"name\":\"Home\",\"item\":\"https:\/\/www.pianetaterrafestival.it\/2023\/\"},{\"@type\":\"ListItem\",\"position\":2,\"name\":\"Workshop\"}]},{\"@type\":\"WebSite\",\"@id\":\"https:\/\/www.pianetaterrafestival.it\/2023\/#website\",\"url\":\"https:\/\/www.pianetaterrafestival.it\/2023\/\",\"name\":\"Pianeta Terra Festival 2023\",\"description\":\"Edizione 2023\",\"publisher\":{\"@id\":\"https:\/\/www.pianetaterrafestival.it\/2023\/#organization\"},\"potentialAction\":[{\"@type\":\"SearchAction\",\"target\":{\"@type\":\"EntryPoint\",\"urlTemplate\":\"https:\/\/www.pianetaterrafestival.it\/2023\/?s={search_term_string}\"},\"query-input\":{\"@type\":\"PropertyValueSpecification\",\"valueRequired\":true,\"valueName\":\"search_term_string\"}}],\"inLanguage\":\"it-IT\"},{\"@type\":\"Organization\",\"@id\":\"https:\/\/www.pianetaterrafestival.it\/2023\/#organization\",\"name\":\"Pianeta Terra Festival 2023\",\"url\":\"https:\/\/www.pianetaterrafestival.it\/2023\/\",\"logo\":{\"@type\":\"ImageObject\",\"inLanguage\":\"it-IT\",\"@id\":\"https:\/\/www.pianetaterrafestival.it\/2023\/#\/schema\/logo\/image\/\",\"url\":\"https:\/\/www.pianetaterrafestival.it\/2023\/wp-content\/uploads\/sites\/2\/2022\/07\/cropped-cropped-logo.png\",\"contentUrl\":\"https:\/\/www.pianetaterrafestival.it\/2023\/wp-content\/uploads\/sites\/2\/2022\/07\/cropped-cropped-logo.png\",\"width\":1907,\"height\":1867,\"caption\":\"Pianeta Terra Festival 2023\"},\"image\":{\"@id\":\"https:\/\/www.pianetaterrafestival.it\/2023\/#\/schema\/logo\/image\/\"}}]}<\/script>\n<!-- \/ Yoast SEO plugin. -->","yoast_head_json":{"title":"Workshop - Pianeta Terra Festival 2023","description":"Workshop in collaborazione con l'Universit\u00e0 di Pisa con Marta Bonetti, Matteo Caldera, Marco Raugi e Matteo Villa","robots":{"index":"index","follow":"follow","max-snippet":"max-snippet:-1","max-image-preview":"max-image-preview:large","max-video-preview":"max-video-preview:-1"},"canonical":"https:\/\/www.pianetaterrafestival.it\/2023\/workshop-lucca\/","og_locale":"it_IT","og_type":"article","og_title":"Workshop - Pianeta Terra Festival 2023","og_description":"Workshop in collaborazione con l'Universit\u00e0 di Pisa con Marta Bonetti, Matteo Caldera, Marco Raugi e Matteo Villa","og_url":"https:\/\/www.pianetaterrafestival.it\/2023\/workshop-lucca\/","og_site_name":"Pianeta Terra Festival 2023","article_modified_time":"2023-08-30T15:30:10+00:00","twitter_card":"summary_large_image","twitter_misc":{"Tempo di lettura stimato":"1 minuto"},"schema":{"@context":"https:\/\/schema.org","@graph":[{"@type":"WebPage","@id":"https:\/\/www.pianetaterrafestival.it\/2023\/workshop-lucca\/","url":"https:\/\/www.pianetaterrafestival.it\/2023\/workshop-lucca\/","name":"Workshop - Pianeta Terra Festival 2023","isPartOf":{"@id":"https:\/\/www.pianetaterrafestival.it\/2023\/#website"},"datePublished":"2023-08-30T15:26:27+00:00","dateModified":"2023-08-30T15:30:10+00:00","description":"Workshop in collaborazione con l'Universit\u00e0 di Pisa con Marta Bonetti, Matteo Caldera, Marco Raugi e Matteo Villa","breadcrumb":{"@id":"https:\/\/www.pianetaterrafestival.it\/2023\/workshop-lucca\/#breadcrumb"},"inLanguage":"it-IT","potentialAction":[{"@type":"ReadAction","target":["https:\/\/www.pianetaterrafestival.it\/2023\/workshop-lucca\/"]}]},{"@type":"BreadcrumbList","@id":"https:\/\/www.pianetaterrafestival.it\/2023\/workshop-lucca\/#breadcrumb","itemListElement":[{"@type":"ListItem","position":1,"name":"Home","item":"https:\/\/www.pianetaterrafestival.it\/2023\/"},{"@type":"ListItem","position":2,"name":"Workshop"}]},{"@type":"WebSite","@id":"https:\/\/www.pianetaterrafestival.it\/2023\/#website","url":"https:\/\/www.pianetaterrafestival.it\/2023\/","name":"Pianeta Terra Festival 2023","description":"Edizione 2023","publisher":{"@id":"https:\/\/www.pianetaterrafestival.it\/2023\/#organization"},"potentialAction":[{"@type":"SearchAction","target":{"@type":"EntryPoint","urlTemplate":"https:\/\/www.pianetaterrafestival.it\/2023\/?s={search_term_string}"},"query-input":{"@type":"PropertyValueSpecification","valueRequired":true,"valueName":"search_term_string"}}],"inLanguage":"it-IT"},{"@type":"Organization","@id":"https:\/\/www.pianetaterrafestival.it\/2023\/#organization","name":"Pianeta Terra Festival 2023","url":"https:\/\/www.pianetaterrafestival.it\/2023\/","logo":{"@type":"ImageObject","inLanguage":"it-IT","@id":"https:\/\/www.pianetaterrafestival.it\/2023\/#\/schema\/logo\/image\/","url":"https:\/\/www.pianetaterrafestival.it\/2023\/wp-content\/uploads\/sites\/2\/2022\/07\/cropped-cropped-logo.png","contentUrl":"https:\/\/www.pianetaterrafestival.it\/2023\/wp-content\/uploads\/sites\/2\/2022\/07\/cropped-cropped-logo.png","width":1907,"height":1867,"caption":"Pianeta Terra Festival 2023"},"image":{"@id":"https:\/\/www.pianetaterrafestival.it\/2023\/#\/schema\/logo\/image\/"}}]}},"_links":{"self":[{"href":"https:\/\/www.pianetaterrafestival.it\/2023\/wp-json\/wp\/v2\/pages\/6621","targetHints":{"allow":["GET"]}}],"collection":[{"href":"https:\/\/www.pianetaterrafestival.it\/2023\/wp-json\/wp\/v2\/pages"}],"about":[{"href":"https:\/\/www.pianetaterrafestival.it\/2023\/wp-json\/wp\/v2\/types\/page"}],"author":[{"embeddable":true,"href":"https:\/\/www.pianetaterrafestival.it\/2023\/wp-json\/wp\/v2\/users\/4"}],"replies":[{"embeddable":true,"href":"https:\/\/www.pianetaterrafestival.it\/2023\/wp-json\/wp\/v2\/comments?post=6621"}],"version-history":[{"count":9,"href":"https:\/\/www.pianetaterrafestival.it\/2023\/wp-json\/wp\/v2\/pages\/6621\/revisions"}],"predecessor-version":[{"id":6631,"href":"https:\/\/www.pianetaterrafestival.it\/2023\/wp-json\/wp\/v2\/pages\/6621\/revisions\/6631"}],"wp:attachment":[{"href":"https:\/\/www.pianetaterrafestival.it\/2023\/wp-json\/wp\/v2\/media?parent=6621"}],"curies":[{"name":"wp","href":"https:\/\/api.w.org\/{rel}","templated":true}]}}